{"id":440,"date":"2020-02-22T00:03:45","date_gmt":"2020-02-21T23:03:45","guid":{"rendered":"https:\/\/www.hoerbox.ch\/?page_id=440"},"modified":"2025-06-06T23:43:31","modified_gmt":"2025-06-06T21:43:31","slug":"kontakt","status":"publish","type":"page","link":"https:\/\/www.hoerbox.ch\/?page_id=440","title":{"rendered":"Kontakt"},"content":{"rendered":"\t\t<div data-elementor-type=\"wp-page\" data-elementor-id=\"440\" class=\"elementor elementor-440\">\n\t\t\t\t\t\t<section class=\"elementor-section elementor-top-section elementor-element elementor-element-f3c0165 elementor-section-height-min-height elementor-section-boxed elementor-section-height-default elementor-section-items-middle\" data-id=\"f3c0165\" data-element_type=\"section\" data-e-type=\"section\" data-settings=\"{&quot;background_background&quot;:&quot;classic&quot;}\">\n\t\t\t\t\t\t<div class=\"elementor-container elementor-column-gap-default\">\n\t\t\t\t\t<div class=\"elementor-column elementor-col-100 elementor-top-column elementor-element elementor-element-c255bd1\" data-id=\"c255bd1\" data-element_type=\"column\" data-e-type=\"column\">\n\t\t\t<div class=\"elementor-widget-wrap elementor-element-populated\">\n\t\t\t\t\t\t<div class=\"elementor-element elementor-element-630258a elementor-widget elementor-widget-image\" data-id=\"630258a\" data-element_type=\"widget\" data-e-type=\"widget\" data-widget_type=\"image.default\">\n\t\t\t\t\t\t\t\t\t\t\t\t\t\t\t<img decoding=\"async\" width=\"270\" height=\"94\" src=\"https:\/\/i0.wp.com\/www.hoerbox.ch\/wp-content\/uploads\/2020\/03\/Logo-PausePlayStop-mit-Schrift-weiss-270x94-1.png?fit=270%2C94&amp;ssl=1\" class=\"attachment-medium size-medium wp-image-495\" alt=\"\" \/>\t\t\t\t\t\t\t\t\t\t\t\t\t\t\t<\/div>\n\t\t\t\t\t<\/div>\n\t\t<\/div>\n\t\t\t\t\t<\/div>\n\t\t<\/section>\n\t\t\t\t<section class=\"elementor-section elementor-top-section elementor-element elementor-element-c2bc4f9 elementor-section-height-min-height elementor-section-boxed elementor-section-height-default elementor-section-items-middle\" data-id=\"c2bc4f9\" data-element_type=\"section\" data-e-type=\"section\" data-settings=\"{&quot;background_background&quot;:&quot;classic&quot;}\">\n\t\t\t\t\t\t<div class=\"elementor-container elementor-column-gap-default\">\n\t\t\t\t\t<div class=\"elementor-column elementor-col-100 elementor-top-column elementor-element elementor-element-a31387e\" data-id=\"a31387e\" data-element_type=\"column\" data-e-type=\"column\">\n\t\t\t<div class=\"elementor-widget-wrap elementor-element-populated\">\n\t\t\t\t\t\t<div class=\"elementor-element elementor-element-d2afe96 elementor-widget elementor-widget-heading\" data-id=\"d2afe96\" data-element_type=\"widget\" data-e-type=\"widget\" data-widget_type=\"heading.default\">\n\t\t\t\t\t<h2 class=\"elementor-heading-title elementor-size-default\">Der originelle Audio - Player <br>f\u00fcr Ihren Wartebereich<\/h2>\t\t\t\t<\/div>\n\t\t\t\t\t<\/div>\n\t\t<\/div>\n\t\t\t\t\t<\/div>\n\t\t<\/section>\n\t\t\t\t<section class=\"elementor-section elementor-top-section elementor-element elementor-element-f64cafd elementor-section-height-min-height elementor-section-full_width elementor-section-items-top elementor-section-content-middle elementor-section-height-default\" data-id=\"f64cafd\" data-element_type=\"section\" data-e-type=\"section\" data-settings=\"{&quot;background_background&quot;:&quot;classic&quot;}\">\n\t\t\t\t\t\t<div class=\"elementor-container elementor-column-gap-no\">\n\t\t\t\t\t<div class=\"elementor-column elementor-col-100 elementor-top-column elementor-element elementor-element-0fdadf7\" data-id=\"0fdadf7\" data-element_type=\"column\" data-e-type=\"column\">\n\t\t\t<div class=\"elementor-widget-wrap\">\n\t\t\t\t\t\t\t<\/div>\n\t\t<\/div>\n\t\t\t\t\t<\/div>\n\t\t<\/section>\n\t\t\t\t<section class=\"elementor-section elementor-top-section elementor-element elementor-element-b8ae62e elementor-section-height-min-height elementor-section-full_width elementor-section-content-middle elementor-section-height-default elementor-section-items-middle\" data-id=\"b8ae62e\" data-element_type=\"section\" data-e-type=\"section\" data-settings=\"{&quot;background_background&quot;:&quot;classic&quot;}\">\n\t\t\t\t\t\t<div class=\"elementor-container elementor-column-gap-no\">\n\t\t\t\t\t<div class=\"elementor-column elementor-col-100 elementor-top-column elementor-element elementor-element-b1af330\" data-id=\"b1af330\" data-element_type=\"column\" data-e-type=\"column\" data-settings=\"{&quot;background_background&quot;:&quot;classic&quot;}\">\n\t\t\t<div class=\"elementor-widget-wrap elementor-element-populated\">\n\t\t\t\t\t\t<div class=\"elementor-element elementor-element-29886e4 elementor-widget elementor-widget-heading\" data-id=\"29886e4\" data-element_type=\"widget\" data-e-type=\"widget\" data-widget_type=\"heading.default\">\n\t\t\t\t\t<h2 class=\"elementor-heading-title elementor-size-default\"><br>REMA Technik GmbH<br><\/h2>\t\t\t\t<\/div>\n\t\t\t\t\t<\/div>\n\t\t<\/div>\n\t\t\t\t\t<\/div>\n\t\t<\/section>\n\t\t\t\t<section class=\"elementor-section elementor-top-section elementor-element elementor-element-b0cf7fd elementor-section-height-min-height elementor-section-content-middle elementor-section-boxed elementor-section-height-default elementor-section-items-middle\" data-id=\"b0cf7fd\" data-element_type=\"section\" data-e-type=\"section\" data-settings=\"{&quot;background_background&quot;:&quot;classic&quot;}\">\n\t\t\t\t\t\t<div class=\"elementor-container elementor-column-gap-no\">\n\t\t\t\t\t<div class=\"elementor-column elementor-col-100 elementor-top-column elementor-element elementor-element-ca099ad\" data-id=\"ca099ad\" data-element_type=\"column\" data-e-type=\"column\" data-settings=\"{&quot;background_background&quot;:&quot;classic&quot;}\">\n\t\t\t<div class=\"elementor-widget-wrap elementor-element-populated\">\n\t\t\t\t\t\t<div class=\"elementor-element elementor-element-4ef9346 elementor-widget elementor-widget-heading\" data-id=\"4ef9346\" data-element_type=\"widget\" data-e-type=\"widget\" data-widget_type=\"heading.default\">\n\t\t\t\t\t<h2 class=\"elementor-heading-title elementor-size-default\"><br>Im Binz 4<br>8357 Guntershausen<br><br>Tel: 078 687 21 65<br>info@hoerbox.ch<br><\/h2>\t\t\t\t<\/div>\n\t\t\t\t\t<\/div>\n\t\t<\/div>\n\t\t\t\t\t<\/div>\n\t\t<\/section>\n\t\t\t\t<section class=\"elementor-section elementor-top-section elementor-element elementor-element-2196f06 elementor-section-height-min-height elementor-section-items-top elementor-section-boxed elementor-section-height-default\" data-id=\"2196f06\" data-element_type=\"section\" data-e-type=\"section\" data-settings=\"{&quot;background_background&quot;:&quot;classic&quot;}\">\n\t\t\t\t\t\t<div class=\"elementor-container elementor-column-gap-default\">\n\t\t\t\t\t<div class=\"elementor-column elementor-col-100 elementor-top-column elementor-element elementor-element-e9e413c\" data-id=\"e9e413c\" data-element_type=\"column\" data-e-type=\"column\">\n\t\t\t<div class=\"elementor-widget-wrap elementor-element-populated\">\n\t\t\t\t\t\t<div class=\"elementor-element elementor-element-a1a314d elementor-widget elementor-widget-google_maps\" data-id=\"a1a314d\" data-element_type=\"widget\" data-e-type=\"widget\" data-widget_type=\"google_maps.default\">\n\t\t\t\t\t\t\t<div class=\"elementor-custom-embed\">\n\t\t\t<iframe loading=\"lazy\"\n\t\t\t\t\tsrc=\"https:\/\/maps.google.com\/maps?q=Im%20Binz%204%208357%20Guntershausen&#038;t=m&#038;z=12&#038;output=embed&#038;iwloc=near\"\n\t\t\t\t\ttitle=\"Im Binz 4 8357 Guntershausen\"\n\t\t\t\t\taria-label=\"Im Binz 4 8357 Guntershausen\"\n\t\t\t><\/iframe>\n\t\t<\/div>\n\t\t\t\t\t\t<\/div>\n\t\t\t\t\t<\/div>\n\t\t<\/div>\n\t\t\t\t\t<\/div>\n\t\t<\/section>\n\t\t\t\t<section class=\"elementor-section elementor-top-section elementor-element elementor-element-9364193 elementor-section-content-middle elementor-section-height-min-height elementor-section-boxed elementor-section-height-default elementor-section-items-middle\" data-id=\"9364193\" data-element_type=\"section\" data-e-type=\"section\" data-settings=\"{&quot;background_background&quot;:&quot;classic&quot;}\">\n\t\t\t\t\t\t<div class=\"elementor-container elementor-column-gap-default\">\n\t\t\t\t\t<div class=\"elementor-column elementor-col-100 elementor-top-column elementor-element elementor-element-5a12da1b\" data-id=\"5a12da1b\" data-element_type=\"column\" data-e-type=\"column\">\n\t\t\t<div class=\"elementor-widget-wrap elementor-element-populated\">\n\t\t\t\t\t\t<div class=\"elementor-element elementor-element-429b0c72 elementor-widget elementor-widget-heading\" data-id=\"429b0c72\" data-element_type=\"widget\" data-e-type=\"widget\" data-widget_type=\"heading.default\">\n\t\t\t\t\t<h3 class=\"elementor-heading-title elementor-size-default\">Ihr Anliegen ist uns wichtig, nehmen Sie bitte mit uns Kontakt auf.<\/h3>\t\t\t\t<\/div>\n\t\t\t\t\t<\/div>\n\t\t<\/div>\n\t\t\t\t\t<\/div>\n\t\t<\/section>\n\t\t<div class=\"elementor-element elementor-element-ad937d4 e-flex e-con-boxed e-con e-parent\" data-id=\"ad937d4\" data-element_type=\"container\" data-e-type=\"container\" data-settings=\"{&quot;background_background&quot;:&quot;classic&quot;}\">\n\t\t\t\t\t<div class=\"e-con-inner\">\n\t\t\t\t\t<\/div>\n\t\t\t\t<\/div>\n\t\t\t\t<\/div>\n\t\t","protected":false},"excerpt":{"rendered":"<p>Der originelle Audio &#8211; Player f\u00fcr Ihren Wartebereich REMA Technik GmbH Im Binz 48357 Guntershausen Tel: 078 687 21 65info@hoerbox.ch Ihr Anliegen ist uns wichtig, nehmen Sie bitte mit uns Kontakt auf.<\/p>\n","protected":false},"author":1,"featured_media":0,"parent":0,"menu_order":0,"comment_status":"closed","ping_status":"closed","template":"","meta":{"ocean_post_layout":"full-screen","ocean_both_sidebars_style":"","ocean_both_sidebars_content_width":0,"ocean_both_sidebars_sidebars_width":0,"ocean_sidebar":"0","ocean_second_sidebar":"0","ocean_disable_margins":"enable","ocean_add_body_class":"","ocean_shortcode_before_top_bar":"","ocean_shortcode_after_top_bar":"","ocean_shortcode_before_header":"","ocean_shortcode_after_header":"","ocean_has_shortcode":"","ocean_shortcode_after_title":"","ocean_shortcode_before_footer_widgets":"","ocean_shortcode_after_footer_widgets":"","ocean_shortcode_before_footer_bottom":"","ocean_shortcode_after_footer_bottom":"","ocean_display_top_bar":"default","ocean_display_header":"default","ocean_header_style":"","ocean_center_header_left_menu":"0","ocean_custom_header_template":"0","ocean_custom_logo":0,"ocean_custom_retina_logo":0,"ocean_custom_logo_max_width":0,"ocean_custom_logo_tablet_max_width":0,"ocean_custom_logo_mobile_max_width":0,"ocean_custom_logo_max_height":0,"ocean_custom_logo_tablet_max_height":0,"ocean_custom_logo_mobile_max_height":0,"ocean_header_custom_menu":"0","ocean_menu_typo_font_family":"0","ocean_menu_typo_font_subset":"","ocean_menu_typo_font_size":0,"ocean_menu_typo_font_size_tablet":0,"ocean_menu_typo_font_size_mobile":0,"ocean_menu_typo_font_size_unit":"px","ocean_menu_typo_font_weight":"","ocean_menu_typo_font_weight_tablet":"","ocean_menu_typo_font_weight_mobile":"","ocean_menu_typo_transform":"","ocean_menu_typo_transform_tablet":"","ocean_menu_typo_transform_mobile":"","ocean_menu_typo_line_height":0,"ocean_menu_typo_line_height_tablet":0,"ocean_menu_typo_line_height_mobile":0,"ocean_menu_typo_line_height_unit":"","ocean_menu_typo_spacing":0,"ocean_menu_typo_spacing_tablet":0,"ocean_menu_typo_spacing_mobile":0,"ocean_menu_typo_spacing_unit":"","ocean_menu_link_color":"","ocean_menu_link_color_hover":"","ocean_menu_link_color_active":"","ocean_menu_link_background":"","ocean_menu_link_hover_background":"","ocean_menu_link_active_background":"","ocean_menu_social_links_bg":"","ocean_menu_social_hover_links_bg":"","ocean_menu_social_links_color":"","ocean_menu_social_hover_links_color":"","ocean_disable_title":"on","ocean_disable_heading":"default","ocean_post_title":"","ocean_post_subheading":"","ocean_post_title_style":"","ocean_post_title_background_color":"","ocean_post_title_background":0,"ocean_post_title_bg_image_position":"","ocean_post_title_bg_image_attachment":"","ocean_post_title_bg_image_repeat":"","ocean_post_title_bg_image_size":"","ocean_post_title_height":0,"ocean_post_title_bg_overlay":0.5,"ocean_post_title_bg_overlay_color":"","ocean_disable_breadcrumbs":"default","ocean_breadcrumbs_color":"","ocean_breadcrumbs_separator_color":"","ocean_breadcrumbs_links_color":"","ocean_breadcrumbs_links_hover_color":"","ocean_display_footer_widgets":"default","ocean_display_footer_bottom":"default","ocean_custom_footer_template":"0","footnotes":""},"class_list":["post-440","page","type-page","status-publish","hentry","entry"],"yoast_head":"<!-- This site is optimized with the Yoast SEO plugin v27.4 - https:\/\/yoast.com\/product\/yoast-seo-wordpress\/ -->\n<meta name=\"description\" content=\"Der originelle Audio - Player f\u00fcr Ihren Wartebereich. Die H\u00d6RBOX bietet mit ihren spannenden Geschichten und unterhaltsamen Liedern eine ideale Erg\u00e4nzung in Ihren Praxisr\u00e4umen. Die Kinder k\u00f6nnen so die Wartezeiten ideal \u00fcberbr\u00fccken. Die H\u00d6RBOX ist bereits mit p\u00e4dagogisch wertvollen und lizenzierten Schweizer M\u00e4rchen und Liedern bespielt. Tauchen Sie ein und lassen Sie sich von den H\u00f6rproben \u00fcberzeugen.\" \/>\n<meta name=\"robots\" content=\"index, follow, max-snippet:-1, max-image-preview:large, max-video-preview:-1\" \/>\n<link rel=\"canonical\" href=\"https:\/\/www.hoerbox.ch\/?page_id=440\" \/>\n<meta property=\"og:locale\" content=\"de_DE\" \/>\n<meta property=\"og:type\" content=\"article\" \/>\n<meta property=\"og:description\" content=\"Der originelle Audio - Player f\u00fcr Ihren Wartebereich. Die H\u00d6RBOX bietet mit ihren spannenden Geschichten und unterhaltsamen Liedern eine ideale Erg\u00e4nzung in Ihren Praxisr\u00e4umen. Die Kinder k\u00f6nnen so die Wartezeiten ideal \u00fcberbr\u00fccken. Die H\u00d6RBOX ist bereits mit p\u00e4dagogisch wertvollen und lizenzierten Schweizer M\u00e4rchen und Liedern bespielt. Tauchen Sie ein und lassen Sie sich von den H\u00f6rproben \u00fcberzeugen.\" \/>\n<meta property=\"og:url\" content=\"https:\/\/www.hoerbox.ch\/?page_id=440\" \/>\n<meta property=\"article:modified_time\" content=\"2025-06-06T21:43:31+00:00\" \/>\n<meta property=\"og:image\" content=\"https:\/\/www.hoerbox.ch\/wp-content\/uploads\/2020\/03\/Logo-PausePlayStop-mit-Schrift-weiss-270x94-1.png\" \/>\n<meta name=\"twitter:card\" content=\"summary_large_image\" \/>\n<script type=\"application\/ld+json\" class=\"yoast-schema-graph\">{\"@context\":\"https:\\\/\\\/schema.org\",\"@graph\":[{\"@type\":\"WebPage\",\"@id\":\"https:\\\/\\\/www.hoerbox.ch\\\/?page_id=440\",\"url\":\"https:\\\/\\\/www.hoerbox.ch\\\/?page_id=440\",\"name\":\"\",\"isPartOf\":{\"@id\":\"https:\\\/\\\/www.hoerbox.ch\\\/#website\"},\"primaryImageOfPage\":{\"@id\":\"https:\\\/\\\/www.hoerbox.ch\\\/?page_id=440#primaryimage\"},\"image\":{\"@id\":\"https:\\\/\\\/www.hoerbox.ch\\\/?page_id=440#primaryimage\"},\"thumbnailUrl\":\"https:\\\/\\\/www.hoerbox.ch\\\/wp-content\\\/uploads\\\/2020\\\/03\\\/Logo-PausePlayStop-mit-Schrift-weiss-270x94-1.png\",\"datePublished\":\"2020-02-21T23:03:45+00:00\",\"dateModified\":\"2025-06-06T21:43:31+00:00\",\"description\":\"Der originelle Audio - Player f\u00fcr Ihren Wartebereich. Die H\u00d6RBOX bietet mit ihren spannenden Geschichten und unterhaltsamen Liedern eine ideale Erg\u00e4nzung in Ihren Praxisr\u00e4umen. Die Kinder k\u00f6nnen so die Wartezeiten ideal \u00fcberbr\u00fccken. Die H\u00d6RBOX ist bereits mit p\u00e4dagogisch wertvollen und lizenzierten Schweizer M\u00e4rchen und Liedern bespielt. Tauchen Sie ein und lassen Sie sich von den H\u00f6rproben \u00fcberzeugen.\",\"breadcrumb\":{\"@id\":\"https:\\\/\\\/www.hoerbox.ch\\\/?page_id=440#breadcrumb\"},\"inLanguage\":\"de\",\"potentialAction\":[{\"@type\":\"ReadAction\",\"target\":[\"https:\\\/\\\/www.hoerbox.ch\\\/?page_id=440\"]}]},{\"@type\":\"ImageObject\",\"inLanguage\":\"de\",\"@id\":\"https:\\\/\\\/www.hoerbox.ch\\\/?page_id=440#primaryimage\",\"url\":\"https:\\\/\\\/i0.wp.com\\\/www.hoerbox.ch\\\/wp-content\\\/uploads\\\/2020\\\/03\\\/Logo-PausePlayStop-mit-Schrift-weiss-270x94-1.png?fit=270%2C94&ssl=1\",\"contentUrl\":\"https:\\\/\\\/i0.wp.com\\\/www.hoerbox.ch\\\/wp-content\\\/uploads\\\/2020\\\/03\\\/Logo-PausePlayStop-mit-Schrift-weiss-270x94-1.png?fit=270%2C94&ssl=1\",\"width\":270,\"height\":94},{\"@type\":\"BreadcrumbList\",\"@id\":\"https:\\\/\\\/www.hoerbox.ch\\\/?page_id=440#breadcrumb\",\"itemListElement\":[{\"@type\":\"ListItem\",\"position\":1,\"name\":\"Startseite\",\"item\":\"https:\\\/\\\/www.hoerbox.ch\\\/\"},{\"@type\":\"ListItem\",\"position\":2,\"name\":\"Kontakt\"}]},{\"@type\":\"WebSite\",\"@id\":\"https:\\\/\\\/www.hoerbox.ch\\\/#website\",\"url\":\"https:\\\/\\\/www.hoerbox.ch\\\/\",\"name\":\"\",\"description\":\"Der Audio -  Player f\u00fcr Ihren Wartebereich. Die perfekte Unterhaltung f\u00fcr Kinder\",\"publisher\":{\"@id\":\"https:\\\/\\\/www.hoerbox.ch\\\/#organization\"},\"potentialAction\":[{\"@type\":\"SearchAction\",\"target\":{\"@type\":\"EntryPoint\",\"urlTemplate\":\"https:\\\/\\\/www.hoerbox.ch\\\/?s={search_term_string}\"},\"query-input\":{\"@type\":\"PropertyValueSpecification\",\"valueRequired\":true,\"valueName\":\"search_term_string\"}}],\"inLanguage\":\"de\"},{\"@type\":\"Organization\",\"@id\":\"https:\\\/\\\/www.hoerbox.ch\\\/#organization\",\"name\":\"H\u00d6RBOX\",\"url\":\"https:\\\/\\\/www.hoerbox.ch\\\/\",\"logo\":{\"@type\":\"ImageObject\",\"inLanguage\":\"de\",\"@id\":\"https:\\\/\\\/www.hoerbox.ch\\\/#\\\/schema\\\/logo\\\/image\\\/\",\"url\":\"https:\\\/\\\/i0.wp.com\\\/www.hoerbox.ch\\\/wp-content\\\/uploads\\\/2021\\\/02\\\/cropped-AdobeStock_191630369-4500_2000-mit-Hoerbox-EasyClick-210224-scaled-1.jpg?fit=512%2C512&ssl=1\",\"contentUrl\":\"https:\\\/\\\/i0.wp.com\\\/www.hoerbox.ch\\\/wp-content\\\/uploads\\\/2021\\\/02\\\/cropped-AdobeStock_191630369-4500_2000-mit-Hoerbox-EasyClick-210224-scaled-1.jpg?fit=512%2C512&ssl=1\",\"width\":512,\"height\":512,\"caption\":\"H\u00d6RBOX\"},\"image\":{\"@id\":\"https:\\\/\\\/www.hoerbox.ch\\\/#\\\/schema\\\/logo\\\/image\\\/\"},\"sameAs\":[\"https:\\\/\\\/instagram.com\\\/hoerbox_hoerstation?igshid=107pugm8xyasr\"]}]}<\/script>\n<!-- \/ Yoast SEO plugin. -->","yoast_head_json":{"description":"Der originelle Audio - Player f\u00fcr Ihren Wartebereich. Die H\u00d6RBOX bietet mit ihren spannenden Geschichten und unterhaltsamen Liedern eine ideale Erg\u00e4nzung in Ihren Praxisr\u00e4umen. Die Kinder k\u00f6nnen so die Wartezeiten ideal \u00fcberbr\u00fccken. Die H\u00d6RBOX ist bereits mit p\u00e4dagogisch wertvollen und lizenzierten Schweizer M\u00e4rchen und Liedern bespielt. Tauchen Sie ein und lassen Sie sich von den H\u00f6rproben \u00fcberzeugen.","robots":{"index":"index","follow":"follow","max-snippet":"max-snippet:-1","max-image-preview":"max-image-preview:large","max-video-preview":"max-video-preview:-1"},"canonical":"https:\/\/www.hoerbox.ch\/?page_id=440","og_locale":"de_DE","og_type":"article","og_description":"Der originelle Audio - Player f\u00fcr Ihren Wartebereich. Die H\u00d6RBOX bietet mit ihren spannenden Geschichten und unterhaltsamen Liedern eine ideale Erg\u00e4nzung in Ihren Praxisr\u00e4umen. Die Kinder k\u00f6nnen so die Wartezeiten ideal \u00fcberbr\u00fccken. Die H\u00d6RBOX ist bereits mit p\u00e4dagogisch wertvollen und lizenzierten Schweizer M\u00e4rchen und Liedern bespielt. Tauchen Sie ein und lassen Sie sich von den H\u00f6rproben \u00fcberzeugen.","og_url":"https:\/\/www.hoerbox.ch\/?page_id=440","article_modified_time":"2025-06-06T21:43:31+00:00","og_image":[{"url":"https:\/\/www.hoerbox.ch\/wp-content\/uploads\/2020\/03\/Logo-PausePlayStop-mit-Schrift-weiss-270x94-1.png","type":"","width":"","height":""}],"twitter_card":"summary_large_image","schema":{"@context":"https:\/\/schema.org","@graph":[{"@type":"WebPage","@id":"https:\/\/www.hoerbox.ch\/?page_id=440","url":"https:\/\/www.hoerbox.ch\/?page_id=440","name":"","isPartOf":{"@id":"https:\/\/www.hoerbox.ch\/#website"},"primaryImageOfPage":{"@id":"https:\/\/www.hoerbox.ch\/?page_id=440#primaryimage"},"image":{"@id":"https:\/\/www.hoerbox.ch\/?page_id=440#primaryimage"},"thumbnailUrl":"https:\/\/www.hoerbox.ch\/wp-content\/uploads\/2020\/03\/Logo-PausePlayStop-mit-Schrift-weiss-270x94-1.png","datePublished":"2020-02-21T23:03:45+00:00","dateModified":"2025-06-06T21:43:31+00:00","description":"Der originelle Audio - Player f\u00fcr Ihren Wartebereich. Die H\u00d6RBOX bietet mit ihren spannenden Geschichten und unterhaltsamen Liedern eine ideale Erg\u00e4nzung in Ihren Praxisr\u00e4umen. Die Kinder k\u00f6nnen so die Wartezeiten ideal \u00fcberbr\u00fccken. Die H\u00d6RBOX ist bereits mit p\u00e4dagogisch wertvollen und lizenzierten Schweizer M\u00e4rchen und Liedern bespielt. Tauchen Sie ein und lassen Sie sich von den H\u00f6rproben \u00fcberzeugen.","breadcrumb":{"@id":"https:\/\/www.hoerbox.ch\/?page_id=440#breadcrumb"},"inLanguage":"de","potentialAction":[{"@type":"ReadAction","target":["https:\/\/www.hoerbox.ch\/?page_id=440"]}]},{"@type":"ImageObject","inLanguage":"de","@id":"https:\/\/www.hoerbox.ch\/?page_id=440#primaryimage","url":"https:\/\/i0.wp.com\/www.hoerbox.ch\/wp-content\/uploads\/2020\/03\/Logo-PausePlayStop-mit-Schrift-weiss-270x94-1.png?fit=270%2C94&ssl=1","contentUrl":"https:\/\/i0.wp.com\/www.hoerbox.ch\/wp-content\/uploads\/2020\/03\/Logo-PausePlayStop-mit-Schrift-weiss-270x94-1.png?fit=270%2C94&ssl=1","width":270,"height":94},{"@type":"BreadcrumbList","@id":"https:\/\/www.hoerbox.ch\/?page_id=440#breadcrumb","itemListElement":[{"@type":"ListItem","position":1,"name":"Startseite","item":"https:\/\/www.hoerbox.ch\/"},{"@type":"ListItem","position":2,"name":"Kontakt"}]},{"@type":"WebSite","@id":"https:\/\/www.hoerbox.ch\/#website","url":"https:\/\/www.hoerbox.ch\/","name":"","description":"Der Audio -  Player f\u00fcr Ihren Wartebereich. Die perfekte Unterhaltung f\u00fcr Kinder","publisher":{"@id":"https:\/\/www.hoerbox.ch\/#organization"},"potentialAction":[{"@type":"SearchAction","target":{"@type":"EntryPoint","urlTemplate":"https:\/\/www.hoerbox.ch\/?s={search_term_string}"},"query-input":{"@type":"PropertyValueSpecification","valueRequired":true,"valueName":"search_term_string"}}],"inLanguage":"de"},{"@type":"Organization","@id":"https:\/\/www.hoerbox.ch\/#organization","name":"H\u00d6RBOX","url":"https:\/\/www.hoerbox.ch\/","logo":{"@type":"ImageObject","inLanguage":"de","@id":"https:\/\/www.hoerbox.ch\/#\/schema\/logo\/image\/","url":"https:\/\/i0.wp.com\/www.hoerbox.ch\/wp-content\/uploads\/2021\/02\/cropped-AdobeStock_191630369-4500_2000-mit-Hoerbox-EasyClick-210224-scaled-1.jpg?fit=512%2C512&ssl=1","contentUrl":"https:\/\/i0.wp.com\/www.hoerbox.ch\/wp-content\/uploads\/2021\/02\/cropped-AdobeStock_191630369-4500_2000-mit-Hoerbox-EasyClick-210224-scaled-1.jpg?fit=512%2C512&ssl=1","width":512,"height":512,"caption":"H\u00d6RBOX"},"image":{"@id":"https:\/\/www.hoerbox.ch\/#\/schema\/logo\/image\/"},"sameAs":["https:\/\/instagram.com\/hoerbox_hoerstation?igshid=107pugm8xyasr"]}]}},"jetpack_sharing_enabled":true,"_links":{"self":[{"href":"https:\/\/www.hoerbox.ch\/index.php?rest_route=\/wp\/v2\/pages\/440","targetHints":{"allow":["GET"]}}],"collection":[{"href":"https:\/\/www.hoerbox.ch\/index.php?rest_route=\/wp\/v2\/pages"}],"about":[{"href":"https:\/\/www.hoerbox.ch\/index.php?rest_route=\/wp\/v2\/types\/page"}],"author":[{"embeddable":true,"href":"https:\/\/www.hoerbox.ch\/index.php?rest_route=\/wp\/v2\/users\/1"}],"replies":[{"embeddable":true,"href":"https:\/\/www.hoerbox.ch\/index.php?rest_route=%2Fwp%2Fv2%2Fcomments&post=440"}],"version-history":[{"count":94,"href":"https:\/\/www.hoerbox.ch\/index.php?rest_route=\/wp\/v2\/pages\/440\/revisions"}],"predecessor-version":[{"id":1933,"href":"https:\/\/www.hoerbox.ch\/index.php?rest_route=\/wp\/v2\/pages\/440\/revisions\/1933"}],"wp:attachment":[{"href":"https:\/\/www.hoerbox.ch\/index.php?rest_route=%2Fwp%2Fv2%2Fmedia&parent=440"}],"curies":[{"name":"wp","href":"https:\/\/api.w.org\/{rel}","templated":true}]}}