{"id":300,"date":"2020-02-19T05:45:32","date_gmt":"2020-02-19T04:45:32","guid":{"rendered":"https:\/\/www.hoerbox.ch\/?page_id=300"},"modified":"2025-06-06T23:45:30","modified_gmt":"2025-06-06T21:45:30","slug":"downloads","status":"publish","type":"page","link":"https:\/\/www.hoerbox.ch\/?page_id=300","title":{"rendered":"Downloads"},"content":{"rendered":"\t\t<div data-elementor-type=\"wp-page\" data-elementor-id=\"300\" class=\"elementor elementor-300\">\n\t\t\t\t\t\t<section class=\"elementor-section elementor-top-section elementor-element elementor-element-27e970f elementor-section-height-min-height elementor-section-boxed elementor-section-height-default elementor-section-items-middle\" data-id=\"27e970f\" data-element_type=\"section\" data-e-type=\"section\" data-settings=\"{&quot;background_background&quot;:&quot;classic&quot;}\">\n\t\t\t\t\t\t<div class=\"elementor-container elementor-column-gap-default\">\n\t\t\t\t\t<div class=\"elementor-column elementor-col-100 elementor-top-column elementor-element elementor-element-0935652\" data-id=\"0935652\" data-element_type=\"column\" data-e-type=\"column\">\n\t\t\t<div class=\"elementor-widget-wrap elementor-element-populated\">\n\t\t\t\t\t\t<div class=\"elementor-element elementor-element-4451e4d elementor-widget elementor-widget-image\" data-id=\"4451e4d\" data-element_type=\"widget\" data-e-type=\"widget\" data-widget_type=\"image.default\">\n\t\t\t\t\t\t\t\t\t\t\t\t\t\t\t<img decoding=\"async\" width=\"270\" height=\"94\" src=\"https:\/\/i0.wp.com\/www.hoerbox.ch\/wp-content\/uploads\/2020\/03\/Logo-PausePlayStop-mit-Schrift-weiss-270x94-1.png?fit=270%2C94&amp;ssl=1\" class=\"attachment-medium size-medium wp-image-495\" alt=\"\" \/>\t\t\t\t\t\t\t\t\t\t\t\t\t\t\t<\/div>\n\t\t\t\t\t<\/div>\n\t\t<\/div>\n\t\t\t\t\t<\/div>\n\t\t<\/section>\n\t\t\t\t<section class=\"elementor-section elementor-top-section elementor-element elementor-element-484d1a4 elementor-section-height-min-height elementor-section-boxed elementor-section-height-default elementor-section-items-middle\" data-id=\"484d1a4\" data-element_type=\"section\" data-e-type=\"section\" data-settings=\"{&quot;background_background&quot;:&quot;classic&quot;}\">\n\t\t\t\t\t\t<div class=\"elementor-container elementor-column-gap-default\">\n\t\t\t\t\t<div class=\"elementor-column elementor-col-100 elementor-top-column elementor-element elementor-element-177444e\" data-id=\"177444e\" data-element_type=\"column\" data-e-type=\"column\">\n\t\t\t<div class=\"elementor-widget-wrap elementor-element-populated\">\n\t\t\t\t\t\t<div class=\"elementor-element elementor-element-7e09504 elementor-widget elementor-widget-heading\" data-id=\"7e09504\" data-element_type=\"widget\" data-e-type=\"widget\" data-widget_type=\"heading.default\">\n\t\t\t\t\t<h2 class=\"elementor-heading-title elementor-size-default\">Der originelle Audio - Player <br>f\u00fcr Ihren Wartebereich<\/h2>\t\t\t\t<\/div>\n\t\t\t\t\t<\/div>\n\t\t<\/div>\n\t\t\t\t\t<\/div>\n\t\t<\/section>\n\t\t\t\t<section class=\"elementor-section elementor-top-section elementor-element elementor-element-9e6fd8b elementor-section-height-min-height elementor-section-full_width elementor-section-items-top elementor-section-content-middle elementor-section-height-default\" data-id=\"9e6fd8b\" data-element_type=\"section\" data-e-type=\"section\" data-settings=\"{&quot;background_background&quot;:&quot;classic&quot;}\">\n\t\t\t\t\t\t<div class=\"elementor-container elementor-column-gap-default\">\n\t\t\t\t\t<div class=\"elementor-column elementor-col-100 elementor-top-column elementor-element elementor-element-a42f9c1\" data-id=\"a42f9c1\" data-element_type=\"column\" data-e-type=\"column\">\n\t\t\t<div class=\"elementor-widget-wrap\">\n\t\t\t\t\t\t\t<\/div>\n\t\t<\/div>\n\t\t\t\t\t<\/div>\n\t\t<\/section>\n\t\t\t\t<section class=\"elementor-section elementor-top-section elementor-element elementor-element-eead88a elementor-section-height-min-height elementor-section-boxed elementor-section-height-default elementor-section-items-middle\" data-id=\"eead88a\" data-element_type=\"section\" data-e-type=\"section\" data-settings=\"{&quot;background_background&quot;:&quot;classic&quot;}\">\n\t\t\t\t\t\t<div class=\"elementor-container elementor-column-gap-default\">\n\t\t\t\t\t<div class=\"elementor-column elementor-col-33 elementor-top-column elementor-element elementor-element-9b7b09b\" data-id=\"9b7b09b\" data-element_type=\"column\" data-e-type=\"column\">\n\t\t\t<div class=\"elementor-widget-wrap elementor-element-populated\">\n\t\t\t\t\t\t<div class=\"elementor-element elementor-element-1f0fe81 elementor-widget elementor-widget-heading\" data-id=\"1f0fe81\" data-element_type=\"widget\" data-e-type=\"widget\" data-widget_type=\"heading.default\">\n\t\t\t\t\t<h2 class=\"elementor-heading-title elementor-size-default\">Dokumentation<\/h2>\t\t\t\t<\/div>\n\t\t\t\t<div class=\"elementor-element elementor-element-83fceaf elementor-view-default elementor-widget elementor-widget-icon\" data-id=\"83fceaf\" data-element_type=\"widget\" data-e-type=\"widget\" data-widget_type=\"icon.default\">\n\t\t\t\t\t\t\t<div class=\"elementor-icon-wrapper\">\n\t\t\t<div class=\"elementor-icon\">\n\t\t\t<svg aria-hidden=\"true\" class=\"e-font-icon-svg e-fas-file-download\" viewBox=\"0 0 384 512\" xmlns=\"http:\/\/www.w3.org\/2000\/svg\"><path d=\"M224 136V0H24C10.7 0 0 10.7 0 24v464c0 13.3 10.7 24 24 24h336c13.3 0 24-10.7 24-24V160H248c-13.2 0-24-10.8-24-24zm76.45 211.36l-96.42 95.7c-6.65 6.61-17.39 6.61-24.04 0l-96.42-95.7C73.42 337.29 80.54 320 94.82 320H160v-80c0-8.84 7.16-16 16-16h32c8.84 0 16 7.16 16 16v80h65.18c14.28 0 21.4 17.29 11.27 27.36zM377 105L279.1 7c-4.5-4.5-10.6-7-17-7H256v128h128v-6.1c0-6.3-2.5-12.4-7-16.9z\"><\/path><\/svg>\t\t\t<\/div>\n\t\t<\/div>\n\t\t\t\t\t\t<\/div>\n\t\t\t\t<div class=\"elementor-element elementor-element-155a02a elementor-widget elementor-widget-text-editor\" data-id=\"155a02a\" data-element_type=\"widget\" data-e-type=\"widget\" data-widget_type=\"text-editor.default\">\n\t\t\t\t\t\t\t\t\t<p style=\"text-align: center;\"><span style=\"color: #ffffff;\"><a href=\"https:\/\/www.hoerbox.ch\/wp-content\/uploads\/2020\/12\/BedienungWandhoerboxPicPausePlay.pdf\">Bedienung Wandh\u00f6rbox<\/a><\/span><\/p><p style=\"text-align: center;\"><em>(zum Download ank<\/em><em>licken)<\/em><\/p>\t\t\t\t\t\t\t\t<\/div>\n\t\t\t\t\t<\/div>\n\t\t<\/div>\n\t\t\t\t<div class=\"elementor-column elementor-col-33 elementor-top-column elementor-element elementor-element-2a24192\" data-id=\"2a24192\" data-element_type=\"column\" data-e-type=\"column\">\n\t\t\t<div class=\"elementor-widget-wrap elementor-element-populated\">\n\t\t\t\t\t\t<div class=\"elementor-element elementor-element-5e8c8d1 elementor-widget elementor-widget-heading\" data-id=\"5e8c8d1\" data-element_type=\"widget\" data-e-type=\"widget\" data-widget_type=\"heading.default\">\n\t\t\t\t\t<h2 class=\"elementor-heading-title elementor-size-default\">Software<\/h2>\t\t\t\t<\/div>\n\t\t\t\t<div class=\"elementor-element elementor-element-f5ac2da elementor-view-default elementor-widget elementor-widget-icon\" data-id=\"f5ac2da\" data-element_type=\"widget\" data-e-type=\"widget\" data-widget_type=\"icon.default\">\n\t\t\t\t\t\t\t<div class=\"elementor-icon-wrapper\">\n\t\t\t<div class=\"elementor-icon\">\n\t\t\t<svg aria-hidden=\"true\" class=\"e-font-icon-svg e-fas-file-download\" viewBox=\"0 0 384 512\" xmlns=\"http:\/\/www.w3.org\/2000\/svg\"><path d=\"M224 136V0H24C10.7 0 0 10.7 0 24v464c0 13.3 10.7 24 24 24h336c13.3 0 24-10.7 24-24V160H248c-13.2 0-24-10.8-24-24zm76.45 211.36l-96.42 95.7c-6.65 6.61-17.39 6.61-24.04 0l-96.42-95.7C73.42 337.29 80.54 320 94.82 320H160v-80c0-8.84 7.16-16 16-16h32c8.84 0 16 7.16 16 16v80h65.18c14.28 0 21.4 17.29 11.27 27.36zM377 105L279.1 7c-4.5-4.5-10.6-7-17-7H256v128h128v-6.1c0-6.3-2.5-12.4-7-16.9z\"><\/path><\/svg>\t\t\t<\/div>\n\t\t<\/div>\n\t\t\t\t\t\t<\/div>\n\t\t\t\t\t<\/div>\n\t\t<\/div>\n\t\t\t\t<div class=\"elementor-column elementor-col-33 elementor-top-column elementor-element elementor-element-2af4cac\" data-id=\"2af4cac\" data-element_type=\"column\" data-e-type=\"column\">\n\t\t\t<div class=\"elementor-widget-wrap elementor-element-populated\">\n\t\t\t\t\t\t<div class=\"elementor-element elementor-element-5ac4a87 elementor-widget elementor-widget-heading\" data-id=\"5ac4a87\" data-element_type=\"widget\" data-e-type=\"widget\" data-widget_type=\"heading.default\">\n\t\t\t\t\t<h2 class=\"elementor-heading-title elementor-size-default\">Dokumentation V2<\/h2>\t\t\t\t<\/div>\n\t\t\t\t<div class=\"elementor-element elementor-element-cea36ec elementor-view-default elementor-widget elementor-widget-icon\" data-id=\"cea36ec\" data-element_type=\"widget\" data-e-type=\"widget\" data-widget_type=\"icon.default\">\n\t\t\t\t\t\t\t<div class=\"elementor-icon-wrapper\">\n\t\t\t<div class=\"elementor-icon\">\n\t\t\t<svg aria-hidden=\"true\" class=\"e-font-icon-svg e-fas-file-download\" viewBox=\"0 0 384 512\" xmlns=\"http:\/\/www.w3.org\/2000\/svg\"><path d=\"M224 136V0H24C10.7 0 0 10.7 0 24v464c0 13.3 10.7 24 24 24h336c13.3 0 24-10.7 24-24V160H248c-13.2 0-24-10.8-24-24zm76.45 211.36l-96.42 95.7c-6.65 6.61-17.39 6.61-24.04 0l-96.42-95.7C73.42 337.29 80.54 320 94.82 320H160v-80c0-8.84 7.16-16 16-16h32c8.84 0 16 7.16 16 16v80h65.18c14.28 0 21.4 17.29 11.27 27.36zM377 105L279.1 7c-4.5-4.5-10.6-7-17-7H256v128h128v-6.1c0-6.3-2.5-12.4-7-16.9z\"><\/path><\/svg>\t\t\t<\/div>\n\t\t<\/div>\n\t\t\t\t\t\t<\/div>\n\t\t\t\t<div class=\"elementor-element elementor-element-dc64583 elementor-widget elementor-widget-text-editor\" data-id=\"dc64583\" data-element_type=\"widget\" data-e-type=\"widget\" data-widget_type=\"text-editor.default\">\n\t\t\t\t\t\t\t\t\t<p style=\"text-align: center;\"><a href=\"https:\/\/www.hoerbox.ch\/wp-content\/uploads\/2021\/07\/BedienungWandhoerboxPlayerMP3PausePlay.pdf\">Bedienung Wandh\u00f6rbox V2<\/a><\/p><p style=\"text-align: center;\"><em>(zum Download ank<\/em><em>licken)<\/em><\/p>\t\t\t\t\t\t\t\t<\/div>\n\t\t\t\t\t<\/div>\n\t\t<\/div>\n\t\t\t\t\t<\/div>\n\t\t<\/section>\n\t\t\t\t<section class=\"elementor-section elementor-top-section elementor-element elementor-element-3c709ee elementor-section-boxed elementor-section-height-default elementor-section-height-default\" data-id=\"3c709ee\" data-element_type=\"section\" data-e-type=\"section\" data-settings=\"{&quot;background_background&quot;:&quot;classic&quot;}\">\n\t\t\t\t\t\t<div class=\"elementor-container elementor-column-gap-default\">\n\t\t\t\t\t<div class=\"elementor-column elementor-col-50 elementor-top-column elementor-element elementor-element-ffd2a57\" data-id=\"ffd2a57\" data-element_type=\"column\" data-e-type=\"column\">\n\t\t\t<div class=\"elementor-widget-wrap\">\n\t\t\t\t\t\t\t<\/div>\n\t\t<\/div>\n\t\t\t\t<div class=\"elementor-column elementor-col-50 elementor-top-column elementor-element elementor-element-8568fe0\" data-id=\"8568fe0\" data-element_type=\"column\" data-e-type=\"column\">\n\t\t\t<div class=\"elementor-widget-wrap\">\n\t\t\t\t\t\t\t<\/div>\n\t\t<\/div>\n\t\t\t\t\t<\/div>\n\t\t<\/section>\n\t\t\t\t<section class=\"elementor-section elementor-top-section elementor-element elementor-element-70a12683 elementor-section-content-middle elementor-section-height-min-height elementor-section-boxed elementor-section-height-default elementor-section-items-middle\" data-id=\"70a12683\" data-element_type=\"section\" data-e-type=\"section\" data-settings=\"{&quot;background_background&quot;:&quot;classic&quot;}\">\n\t\t\t\t\t\t<div class=\"elementor-container elementor-column-gap-default\">\n\t\t\t\t\t<div class=\"elementor-column elementor-col-100 elementor-top-column elementor-element elementor-element-65baa538\" data-id=\"65baa538\" data-element_type=\"column\" data-e-type=\"column\">\n\t\t\t<div class=\"elementor-widget-wrap elementor-element-populated\">\n\t\t\t\t\t\t\t<\/div>\n\t\t<\/div>\n\t\t\t\t\t<\/div>\n\t\t<\/section>\n\t\t\t\t<section class=\"elementor-section elementor-top-section elementor-element elementor-element-b1a325d elementor-section-height-min-height elementor-section-boxed elementor-section-height-default elementor-section-items-middle\" data-id=\"b1a325d\" data-element_type=\"section\" data-e-type=\"section\" data-settings=\"{&quot;background_background&quot;:&quot;classic&quot;}\">\n\t\t\t\t\t\t<div class=\"elementor-container elementor-column-gap-default\">\n\t\t\t\t\t<div class=\"elementor-column elementor-col-100 elementor-top-column elementor-element elementor-element-372ff80\" data-id=\"372ff80\" data-element_type=\"column\" data-e-type=\"column\">\n\t\t\t<div class=\"elementor-widget-wrap\">\n\t\t\t\t\t\t\t<\/div>\n\t\t<\/div>\n\t\t\t\t\t<\/div>\n\t\t<\/section>\n\t\t\t\t<\/div>\n\t\t","protected":false},"excerpt":{"rendered":"<p>Der originelle Audio &#8211; Player f\u00fcr Ihren Wartebereich Dokumentation Bedienung Wandh\u00f6rbox (zum Download anklicken) Software Dokumentation V2 Bedienung Wandh\u00f6rbox V2 (zum Download anklicken)<\/p>\n","protected":false},"author":1,"featured_media":0,"parent":0,"menu_order":0,"comment_status":"closed","ping_status":"closed","template":"","meta":{"ocean_post_layout":"full-screen","ocean_both_sidebars_style":"","ocean_both_sidebars_content_width":0,"ocean_both_sidebars_sidebars_width":0,"ocean_sidebar":"0","ocean_second_sidebar":"0","ocean_disable_margins":"enable","ocean_add_body_class":"","ocean_shortcode_before_top_bar":"","ocean_shortcode_after_top_bar":"","ocean_shortcode_before_header":"","ocean_shortcode_after_header":"","ocean_has_shortcode":"","ocean_shortcode_after_title":"","ocean_shortcode_before_footer_widgets":"","ocean_shortcode_after_footer_widgets":"","ocean_shortcode_before_footer_bottom":"","ocean_shortcode_after_footer_bottom":"","ocean_display_top_bar":"default","ocean_display_header":"default","ocean_header_style":"","ocean_center_header_left_menu":"0","ocean_custom_header_template":"0","ocean_custom_logo":0,"ocean_custom_retina_logo":0,"ocean_custom_logo_max_width":0,"ocean_custom_logo_tablet_max_width":0,"ocean_custom_logo_mobile_max_width":0,"ocean_custom_logo_max_height":0,"ocean_custom_logo_tablet_max_height":0,"ocean_custom_logo_mobile_max_height":0,"ocean_header_custom_menu":"0","ocean_menu_typo_font_family":"0","ocean_menu_typo_font_subset":"","ocean_menu_typo_font_size":0,"ocean_menu_typo_font_size_tablet":0,"ocean_menu_typo_font_size_mobile":0,"ocean_menu_typo_font_size_unit":"px","ocean_menu_typo_font_weight":"","ocean_menu_typo_font_weight_tablet":"","ocean_menu_typo_font_weight_mobile":"","ocean_menu_typo_transform":"","ocean_menu_typo_transform_tablet":"","ocean_menu_typo_transform_mobile":"","ocean_menu_typo_line_height":0,"ocean_menu_typo_line_height_tablet":0,"ocean_menu_typo_line_height_mobile":0,"ocean_menu_typo_line_height_unit":"","ocean_menu_typo_spacing":0,"ocean_menu_typo_spacing_tablet":0,"ocean_menu_typo_spacing_mobile":0,"ocean_menu_typo_spacing_unit":"","ocean_menu_link_color":"","ocean_menu_link_color_hover":"","ocean_menu_link_color_active":"","ocean_menu_link_background":"","ocean_menu_link_hover_background":"","ocean_menu_link_active_background":"","ocean_menu_social_links_bg":"","ocean_menu_social_hover_links_bg":"","ocean_menu_social_links_color":"","ocean_menu_social_hover_links_color":"","ocean_disable_title":"on","ocean_disable_heading":"default","ocean_post_title":"","ocean_post_subheading":"","ocean_post_title_style":"","ocean_post_title_background_color":"","ocean_post_title_background":0,"ocean_post_title_bg_image_position":"","ocean_post_title_bg_image_attachment":"","ocean_post_title_bg_image_repeat":"","ocean_post_title_bg_image_size":"","ocean_post_title_height":0,"ocean_post_title_bg_overlay":0.5,"ocean_post_title_bg_overlay_color":"","ocean_disable_breadcrumbs":"default","ocean_breadcrumbs_color":"","ocean_breadcrumbs_separator_color":"","ocean_breadcrumbs_links_color":"","ocean_breadcrumbs_links_hover_color":"","ocean_display_footer_widgets":"default","ocean_display_footer_bottom":"default","ocean_custom_footer_template":"0","footnotes":""},"class_list":["post-300","page","type-page","status-publish","hentry","entry"],"yoast_head":"<!-- This site is optimized with the Yoast SEO plugin v27.4 - https:\/\/yoast.com\/product\/yoast-seo-wordpress\/ -->\n<meta name=\"description\" content=\"Der originelle Audio - Player f\u00fcr Ihren Wartebereich. Die H\u00d6RBOX bietet mit ihren spannenden Geschichten und unterhaltsamen Liedern eine ideale Erg\u00e4nzung in Ihren Praxisr\u00e4umen. Die Kinder k\u00f6nnen so die Wartezeiten ideal \u00fcberbr\u00fccken. Die H\u00d6RBOX ist bereits mit p\u00e4dagogisch wertvollen und lizenzierten Schweizer M\u00e4rchen und Liedern bespielt. Tauchen Sie ein und lassen Sie sich von den H\u00f6rproben \u00fcberzeugen.\" \/>\n<meta name=\"robots\" content=\"index, follow, max-snippet:-1, max-image-preview:large, max-video-preview:-1\" \/>\n<link rel=\"canonical\" href=\"https:\/\/www.hoerbox.ch\/?page_id=300\" \/>\n<meta property=\"og:locale\" content=\"de_DE\" \/>\n<meta property=\"og:type\" content=\"article\" \/>\n<meta property=\"og:description\" content=\"Der originelle Audio - Player f\u00fcr Ihren Wartebereich. Die H\u00d6RBOX bietet mit ihren spannenden Geschichten und unterhaltsamen Liedern eine ideale Erg\u00e4nzung in Ihren Praxisr\u00e4umen. Die Kinder k\u00f6nnen so die Wartezeiten ideal \u00fcberbr\u00fccken. Die H\u00d6RBOX ist bereits mit p\u00e4dagogisch wertvollen und lizenzierten Schweizer M\u00e4rchen und Liedern bespielt. Tauchen Sie ein und lassen Sie sich von den H\u00f6rproben \u00fcberzeugen.\" \/>\n<meta property=\"og:url\" content=\"https:\/\/www.hoerbox.ch\/?page_id=300\" \/>\n<meta property=\"article:modified_time\" content=\"2025-06-06T21:45:30+00:00\" \/>\n<meta property=\"og:image\" content=\"https:\/\/www.hoerbox.ch\/wp-content\/uploads\/2020\/03\/Logo-PausePlayStop-mit-Schrift-weiss-270x94-1.png\" \/>\n<meta name=\"twitter:card\" content=\"summary_large_image\" \/>\n<script type=\"application\/ld+json\" class=\"yoast-schema-graph\">{\"@context\":\"https:\\\/\\\/schema.org\",\"@graph\":[{\"@type\":\"WebPage\",\"@id\":\"https:\\\/\\\/www.hoerbox.ch\\\/?page_id=300\",\"url\":\"https:\\\/\\\/www.hoerbox.ch\\\/?page_id=300\",\"name\":\"\",\"isPartOf\":{\"@id\":\"https:\\\/\\\/www.hoerbox.ch\\\/#website\"},\"primaryImageOfPage\":{\"@id\":\"https:\\\/\\\/www.hoerbox.ch\\\/?page_id=300#primaryimage\"},\"image\":{\"@id\":\"https:\\\/\\\/www.hoerbox.ch\\\/?page_id=300#primaryimage\"},\"thumbnailUrl\":\"https:\\\/\\\/www.hoerbox.ch\\\/wp-content\\\/uploads\\\/2020\\\/03\\\/Logo-PausePlayStop-mit-Schrift-weiss-270x94-1.png\",\"datePublished\":\"2020-02-19T04:45:32+00:00\",\"dateModified\":\"2025-06-06T21:45:30+00:00\",\"description\":\"Der originelle Audio - Player f\u00fcr Ihren Wartebereich. Die H\u00d6RBOX bietet mit ihren spannenden Geschichten und unterhaltsamen Liedern eine ideale Erg\u00e4nzung in Ihren Praxisr\u00e4umen. Die Kinder k\u00f6nnen so die Wartezeiten ideal \u00fcberbr\u00fccken. Die H\u00d6RBOX ist bereits mit p\u00e4dagogisch wertvollen und lizenzierten Schweizer M\u00e4rchen und Liedern bespielt. Tauchen Sie ein und lassen Sie sich von den H\u00f6rproben \u00fcberzeugen.\",\"breadcrumb\":{\"@id\":\"https:\\\/\\\/www.hoerbox.ch\\\/?page_id=300#breadcrumb\"},\"inLanguage\":\"de\",\"potentialAction\":[{\"@type\":\"ReadAction\",\"target\":[\"https:\\\/\\\/www.hoerbox.ch\\\/?page_id=300\"]}]},{\"@type\":\"ImageObject\",\"inLanguage\":\"de\",\"@id\":\"https:\\\/\\\/www.hoerbox.ch\\\/?page_id=300#primaryimage\",\"url\":\"https:\\\/\\\/i0.wp.com\\\/www.hoerbox.ch\\\/wp-content\\\/uploads\\\/2020\\\/03\\\/Logo-PausePlayStop-mit-Schrift-weiss-270x94-1.png?fit=270%2C94&ssl=1\",\"contentUrl\":\"https:\\\/\\\/i0.wp.com\\\/www.hoerbox.ch\\\/wp-content\\\/uploads\\\/2020\\\/03\\\/Logo-PausePlayStop-mit-Schrift-weiss-270x94-1.png?fit=270%2C94&ssl=1\",\"width\":270,\"height\":94},{\"@type\":\"BreadcrumbList\",\"@id\":\"https:\\\/\\\/www.hoerbox.ch\\\/?page_id=300#breadcrumb\",\"itemListElement\":[{\"@type\":\"ListItem\",\"position\":1,\"name\":\"Startseite\",\"item\":\"https:\\\/\\\/www.hoerbox.ch\\\/\"},{\"@type\":\"ListItem\",\"position\":2,\"name\":\"Downloads\"}]},{\"@type\":\"WebSite\",\"@id\":\"https:\\\/\\\/www.hoerbox.ch\\\/#website\",\"url\":\"https:\\\/\\\/www.hoerbox.ch\\\/\",\"name\":\"\",\"description\":\"Der Audio -  Player f\u00fcr Ihren Wartebereich. Die perfekte Unterhaltung f\u00fcr Kinder\",\"publisher\":{\"@id\":\"https:\\\/\\\/www.hoerbox.ch\\\/#organization\"},\"potentialAction\":[{\"@type\":\"SearchAction\",\"target\":{\"@type\":\"EntryPoint\",\"urlTemplate\":\"https:\\\/\\\/www.hoerbox.ch\\\/?s={search_term_string}\"},\"query-input\":{\"@type\":\"PropertyValueSpecification\",\"valueRequired\":true,\"valueName\":\"search_term_string\"}}],\"inLanguage\":\"de\"},{\"@type\":\"Organization\",\"@id\":\"https:\\\/\\\/www.hoerbox.ch\\\/#organization\",\"name\":\"H\u00d6RBOX\",\"url\":\"https:\\\/\\\/www.hoerbox.ch\\\/\",\"logo\":{\"@type\":\"ImageObject\",\"inLanguage\":\"de\",\"@id\":\"https:\\\/\\\/www.hoerbox.ch\\\/#\\\/schema\\\/logo\\\/image\\\/\",\"url\":\"https:\\\/\\\/i0.wp.com\\\/www.hoerbox.ch\\\/wp-content\\\/uploads\\\/2021\\\/02\\\/cropped-AdobeStock_191630369-4500_2000-mit-Hoerbox-EasyClick-210224-scaled-1.jpg?fit=512%2C512&ssl=1\",\"contentUrl\":\"https:\\\/\\\/i0.wp.com\\\/www.hoerbox.ch\\\/wp-content\\\/uploads\\\/2021\\\/02\\\/cropped-AdobeStock_191630369-4500_2000-mit-Hoerbox-EasyClick-210224-scaled-1.jpg?fit=512%2C512&ssl=1\",\"width\":512,\"height\":512,\"caption\":\"H\u00d6RBOX\"},\"image\":{\"@id\":\"https:\\\/\\\/www.hoerbox.ch\\\/#\\\/schema\\\/logo\\\/image\\\/\"},\"sameAs\":[\"https:\\\/\\\/instagram.com\\\/hoerbox_hoerstation?igshid=107pugm8xyasr\"]}]}<\/script>\n<!-- \/ Yoast SEO plugin. -->","yoast_head_json":{"description":"Der originelle Audio - Player f\u00fcr Ihren Wartebereich. Die H\u00d6RBOX bietet mit ihren spannenden Geschichten und unterhaltsamen Liedern eine ideale Erg\u00e4nzung in Ihren Praxisr\u00e4umen. Die Kinder k\u00f6nnen so die Wartezeiten ideal \u00fcberbr\u00fccken. Die H\u00d6RBOX ist bereits mit p\u00e4dagogisch wertvollen und lizenzierten Schweizer M\u00e4rchen und Liedern bespielt. Tauchen Sie ein und lassen Sie sich von den H\u00f6rproben \u00fcberzeugen.","robots":{"index":"index","follow":"follow","max-snippet":"max-snippet:-1","max-image-preview":"max-image-preview:large","max-video-preview":"max-video-preview:-1"},"canonical":"https:\/\/www.hoerbox.ch\/?page_id=300","og_locale":"de_DE","og_type":"article","og_description":"Der originelle Audio - Player f\u00fcr Ihren Wartebereich. Die H\u00d6RBOX bietet mit ihren spannenden Geschichten und unterhaltsamen Liedern eine ideale Erg\u00e4nzung in Ihren Praxisr\u00e4umen. Die Kinder k\u00f6nnen so die Wartezeiten ideal \u00fcberbr\u00fccken. Die H\u00d6RBOX ist bereits mit p\u00e4dagogisch wertvollen und lizenzierten Schweizer M\u00e4rchen und Liedern bespielt. Tauchen Sie ein und lassen Sie sich von den H\u00f6rproben \u00fcberzeugen.","og_url":"https:\/\/www.hoerbox.ch\/?page_id=300","article_modified_time":"2025-06-06T21:45:30+00:00","og_image":[{"url":"https:\/\/www.hoerbox.ch\/wp-content\/uploads\/2020\/03\/Logo-PausePlayStop-mit-Schrift-weiss-270x94-1.png","type":"","width":"","height":""}],"twitter_card":"summary_large_image","schema":{"@context":"https:\/\/schema.org","@graph":[{"@type":"WebPage","@id":"https:\/\/www.hoerbox.ch\/?page_id=300","url":"https:\/\/www.hoerbox.ch\/?page_id=300","name":"","isPartOf":{"@id":"https:\/\/www.hoerbox.ch\/#website"},"primaryImageOfPage":{"@id":"https:\/\/www.hoerbox.ch\/?page_id=300#primaryimage"},"image":{"@id":"https:\/\/www.hoerbox.ch\/?page_id=300#primaryimage"},"thumbnailUrl":"https:\/\/www.hoerbox.ch\/wp-content\/uploads\/2020\/03\/Logo-PausePlayStop-mit-Schrift-weiss-270x94-1.png","datePublished":"2020-02-19T04:45:32+00:00","dateModified":"2025-06-06T21:45:30+00:00","description":"Der originelle Audio - Player f\u00fcr Ihren Wartebereich. Die H\u00d6RBOX bietet mit ihren spannenden Geschichten und unterhaltsamen Liedern eine ideale Erg\u00e4nzung in Ihren Praxisr\u00e4umen. Die Kinder k\u00f6nnen so die Wartezeiten ideal \u00fcberbr\u00fccken. Die H\u00d6RBOX ist bereits mit p\u00e4dagogisch wertvollen und lizenzierten Schweizer M\u00e4rchen und Liedern bespielt. Tauchen Sie ein und lassen Sie sich von den H\u00f6rproben \u00fcberzeugen.","breadcrumb":{"@id":"https:\/\/www.hoerbox.ch\/?page_id=300#breadcrumb"},"inLanguage":"de","potentialAction":[{"@type":"ReadAction","target":["https:\/\/www.hoerbox.ch\/?page_id=300"]}]},{"@type":"ImageObject","inLanguage":"de","@id":"https:\/\/www.hoerbox.ch\/?page_id=300#primaryimage","url":"https:\/\/i0.wp.com\/www.hoerbox.ch\/wp-content\/uploads\/2020\/03\/Logo-PausePlayStop-mit-Schrift-weiss-270x94-1.png?fit=270%2C94&ssl=1","contentUrl":"https:\/\/i0.wp.com\/www.hoerbox.ch\/wp-content\/uploads\/2020\/03\/Logo-PausePlayStop-mit-Schrift-weiss-270x94-1.png?fit=270%2C94&ssl=1","width":270,"height":94},{"@type":"BreadcrumbList","@id":"https:\/\/www.hoerbox.ch\/?page_id=300#breadcrumb","itemListElement":[{"@type":"ListItem","position":1,"name":"Startseite","item":"https:\/\/www.hoerbox.ch\/"},{"@type":"ListItem","position":2,"name":"Downloads"}]},{"@type":"WebSite","@id":"https:\/\/www.hoerbox.ch\/#website","url":"https:\/\/www.hoerbox.ch\/","name":"","description":"Der Audio -  Player f\u00fcr Ihren Wartebereich. Die perfekte Unterhaltung f\u00fcr Kinder","publisher":{"@id":"https:\/\/www.hoerbox.ch\/#organization"},"potentialAction":[{"@type":"SearchAction","target":{"@type":"EntryPoint","urlTemplate":"https:\/\/www.hoerbox.ch\/?s={search_term_string}"},"query-input":{"@type":"PropertyValueSpecification","valueRequired":true,"valueName":"search_term_string"}}],"inLanguage":"de"},{"@type":"Organization","@id":"https:\/\/www.hoerbox.ch\/#organization","name":"H\u00d6RBOX","url":"https:\/\/www.hoerbox.ch\/","logo":{"@type":"ImageObject","inLanguage":"de","@id":"https:\/\/www.hoerbox.ch\/#\/schema\/logo\/image\/","url":"https:\/\/i0.wp.com\/www.hoerbox.ch\/wp-content\/uploads\/2021\/02\/cropped-AdobeStock_191630369-4500_2000-mit-Hoerbox-EasyClick-210224-scaled-1.jpg?fit=512%2C512&ssl=1","contentUrl":"https:\/\/i0.wp.com\/www.hoerbox.ch\/wp-content\/uploads\/2021\/02\/cropped-AdobeStock_191630369-4500_2000-mit-Hoerbox-EasyClick-210224-scaled-1.jpg?fit=512%2C512&ssl=1","width":512,"height":512,"caption":"H\u00d6RBOX"},"image":{"@id":"https:\/\/www.hoerbox.ch\/#\/schema\/logo\/image\/"},"sameAs":["https:\/\/instagram.com\/hoerbox_hoerstation?igshid=107pugm8xyasr"]}]}},"jetpack_sharing_enabled":true,"_links":{"self":[{"href":"https:\/\/www.hoerbox.ch\/index.php?rest_route=\/wp\/v2\/pages\/300","targetHints":{"allow":["GET"]}}],"collection":[{"href":"https:\/\/www.hoerbox.ch\/index.php?rest_route=\/wp\/v2\/pages"}],"about":[{"href":"https:\/\/www.hoerbox.ch\/index.php?rest_route=\/wp\/v2\/types\/page"}],"author":[{"embeddable":true,"href":"https:\/\/www.hoerbox.ch\/index.php?rest_route=\/wp\/v2\/users\/1"}],"replies":[{"embeddable":true,"href":"https:\/\/www.hoerbox.ch\/index.php?rest_route=%2Fwp%2Fv2%2Fcomments&post=300"}],"version-history":[{"count":89,"href":"https:\/\/www.hoerbox.ch\/index.php?rest_route=\/wp\/v2\/pages\/300\/revisions"}],"predecessor-version":[{"id":1936,"href":"https:\/\/www.hoerbox.ch\/index.php?rest_route=\/wp\/v2\/pages\/300\/revisions\/1936"}],"wp:attachment":[{"href":"https:\/\/www.hoerbox.ch\/index.php?rest_route=%2Fwp%2Fv2%2Fmedia&parent=300"}],"curies":[{"name":"wp","href":"https:\/\/api.w.org\/{rel}","templated":true}]}}